{"id":99,"date":"2016-10-22T15:58:31","date_gmt":"2016-10-22T14:58:31","guid":{"rendered":"http:\/\/noaladroga.org\/?page_id=99"},"modified":"2017-05-06T16:48:20","modified_gmt":"2017-05-06T15:48:20","slug":"quienes-somos","status":"publish","type":"page","link":"https:\/\/www.noaladroga.org\/index.php\/es\/quienes-somos\/","title":{"rendered":"Qui\u00e9nes Somos"},"content":{"rendered":"<p style=\"text-align: justify;\"><strong>1) \u00bfQUI\u00c9NES SOMOS<\/strong><\/p>\n<p style=\"text-align: justify;\">La Asociaci\u00f3n Espa\u00f1a Libre de Drogas <strong>asociaci\u00f3n de prevenci\u00f3n de drogas<\/strong> <strong>y concienciaci\u00f3n de sus peligros, inscrita en el Registro Nacional de Asociaciones del Ministerio del Interior<\/strong>.\u00a0 Est\u00e1 dirigida a un p\u00fablico de entre 13 y 20 a\u00f1os principalmente, aunque tambi\u00e9n abarca todo el espectro de la sociedad: <strong>asociaciones, organizaciones, empresas<\/strong> etc. y un sector muy importante: los padres.<\/p>\n<div id=\"Image1\" class=\"widget Image\">\n<div class=\"widget-content\">\n<p><img loading=\"lazy\" decoding=\"async\" class=\"alignright size-medium wp-image-343\" src=\"http:\/\/www.noaladroga.org\/wp-content\/uploads\/2016\/10\/FDFE-logo-300x210.png\" alt=\"FDFE logo\" width=\"300\" height=\"210\" srcset=\"https:\/\/www.noaladroga.org\/wp-content\/uploads\/2016\/10\/FDFE-logo-300x210.png 300w, https:\/\/www.noaladroga.org\/wp-content\/uploads\/2016\/10\/FDFE-logo-768x538.png 768w, https:\/\/www.noaladroga.org\/wp-content\/uploads\/2016\/10\/FDFE-logo-1024x717.png 1024w\" sizes=\"auto, (max-width: 300px) 100vw, 300px\" \/>La <strong><span style=\"color: #0000ff;\">Asociaci\u00f3n Espa\u00f1a Libre de Drogas <\/span><\/strong>es una entidad sin \u00e1nimo de lucro e independiente, miembro de <a href=\"http:\/\/www.fdfe.eu\/\" target=\"_blank\"><span style=\"color: #0000ff;\">Fundaci\u00f3n para una Europa Libre de Drogas<\/span><\/a>, y actua como delegaci\u00f3n espa\u00f1ola de la <a href=\"http:\/\/www.noaladroga.es\/\"><span style=\"color: #0000ff;\">Fundaci\u00f3n por un Mundo Libre de Drogas<\/span> <\/a>que tiene sus oficinas internacionales en Los \u00c1ngeles, California, con delegaciones alrededor de todo el mundo. Los programas llevados a cabo est\u00e1n reconocidos por reducir el consumo de drogas significativamente en un mill\u00f3n de ni\u00f1os en edad escolar.<\/p>\n<p>La <strong><span style=\"color: #0000ff;\">Asociaci\u00f3n Espa\u00f1a Libre de Drogas<\/span><\/strong> est\u00e1 desarrollando proyectos por todo Espa\u00f1a, incluyendo <strong>Madrid, Barcelona, Valencia, Alicante, Bilbao, Vitoria y Sevilla<\/strong>, y estamos trabajando con gobiernos, organizaciones y grupos con el prop\u00f3sito com\u00fan de educar sobre los efectos de las drogas.<\/p>\n<p><span class=\"caption\">La <a href=\"http:\/\/www.fdfe.eu\/\" target=\"_blank\">Fundaci\u00f3n por una Europa Libre de Drogas<\/a> es miembro del Vienna NGO Committee sobre Drogas y Narc\u00f3ticos. Su prop\u00f3sito es apoyar el trabajo de la Oficina de la ONU para Drogas y Cr\u00edmen <a href=\"http:\/\/www.unodc.org\/\" target=\"_blank\">(UNODC)<\/a>.<\/span><\/p>\n<\/div>\n<div class=\"widget-content\"><span class=\"caption\">La Fundaci\u00f3n por una Europa Libre de Drogas ha sido seleccionada por la Comisi\u00f3n Europea para ser miembro del Civil Society Forum on Drugs en la Uni\u00f3n Europea<\/span><\/div>\n<div class=\"widget-content\">\n<hr \/>\n<\/div>\n<div><\/div>\n<div><\/div>\n<div class=\"widget-content\"><strong>2) \u00bfDE D\u00d3NDE SE FINANCIA?<\/strong><\/div>\n<\/div>\n<p style=\"text-align: justify;\">La financiaci\u00f3n proviene de sus socios, as\u00ed como de aportaciones de cualquier persona, colectivo y empresa que quiera ayudar. La Foundation for a Drug Free World, con sede en Los \u00c1ngeles, California, proporciona la mayor parte del material audiovisual y escrito, y tambi\u00e9n recibimos ayuda de la Fundaci\u00f3n para la Mejora de la Vida, la Cultura y la Sociedad, fundaci\u00f3n bajo el Protectorado del Ministerio de Educaci\u00f3n, Cultura y Deporte de Espa\u00f1a.<\/p>\n<p style=\"text-align: justify;\">La asociaci\u00f3n est\u00e1\u00a0 <a href=\"http:\/\/noaladroga.org\/index.php\/contacto\/\">abierta a recibir ayuda<\/a>, no solo econ\u00f3mica, sino en recursos de tiempo y apoyo de voluntarios.<\/p>\n<hr \/>\n<p style=\"text-align: justify;\"><strong>3) APOYO PEDAG\u00d3GICO<\/strong><\/p>\n<p style=\"text-align: justify;\">Tras estudiar la esfera de actuaci\u00f3n de la prevenci\u00f3n y ver sus deficiencias o falta de impacto, descubrimos una campa\u00f1a internacional, que ayuda a unificar el mensaje, que esta llevada por la Foundation for Drug Free World (Mundo Sin Drogas) y por ello decidimos alinear nuestra actuaci\u00f3n a conseguir nuestros fines utilizando su campa\u00f1a de \u00abLa verdad sobre las Drogas\u00bb debido a su \u00e9xito en todo el mundo. Ellos han creado todo el material pedag\u00f3gico y forma a sus educadores. Es una fundaci\u00f3n internacional con sede en Los \u00c1ngeles (California &#8211; Estados Unidos) y lleva a cabo una de las campa\u00f1as de prevenci\u00f3n de drogas no gubernamental m\u00e1s importante del mundo, que ha sido alabada por funcionarios y ONGs de todo el mundo.<\/p>\n<p style=\"text-align: justify;\">As\u00ed que nuestra campa\u00f1a tiene una experiencia y recorrido a nivel internacional.<\/p>\n","protected":false},"excerpt":{"rendered":"<p>1) \u00bfQUI\u00c9NES SOMOS La Asociaci\u00f3n Espa\u00f1a Libre de Drogas asociaci\u00f3n de prevenci\u00f3n de drogas y concienciaci\u00f3n de sus peligros, inscrita en el Registro Nacional de Asociaciones del Ministerio del Interior.\u00a0 Est\u00e1 dirigida a un p\u00fablico de entre 13 y 20 a\u00f1os principalmente, aunque tambi\u00e9n abarca todo el espectro de la sociedad: asociaciones, organizaciones, empresas etc. <a href=\"https:\/\/www.noaladroga.org\/index.php\/es\/quienes-somos\/\" rel=\"nofollow\"><span class=\"sr-only\">Leer m\u00e1sQui\u00e9nes Somos<\/span>[&#8230;]<\/a><\/p>\n","protected":false},"author":2,"featured_media":0,"parent":0,"menu_order":0,"comment_status":"closed","ping_status":"closed","template":"","meta":{"footnotes":""},"class_list":["post-99","page","type-page","status-publish","hentry"],"_links":{"self":[{"href":"https:\/\/www.noaladroga.org\/index.php\/wp-json\/wp\/v2\/pages\/99","targetHints":{"allow":["GET"]}}],"collection":[{"href":"https:\/\/www.noaladroga.org\/index.php\/wp-json\/wp\/v2\/pages"}],"about":[{"href":"https:\/\/www.noaladroga.org\/index.php\/wp-json\/wp\/v2\/types\/page"}],"author":[{"embeddable":true,"href":"https:\/\/www.noaladroga.org\/index.php\/wp-json\/wp\/v2\/users\/2"}],"replies":[{"embeddable":true,"href":"https:\/\/www.noaladroga.org\/index.php\/wp-json\/wp\/v2\/comments?post=99"}],"version-history":[{"count":10,"href":"https:\/\/www.noaladroga.org\/index.php\/wp-json\/wp\/v2\/pages\/99\/revisions"}],"predecessor-version":[{"id":344,"href":"https:\/\/www.noaladroga.org\/index.php\/wp-json\/wp\/v2\/pages\/99\/revisions\/344"}],"wp:attachment":[{"href":"https:\/\/www.noaladroga.org\/index.php\/wp-json\/wp\/v2\/media?parent=99"}],"curies":[{"name":"wp","href":"https:\/\/api.w.org\/{rel}","templated":true}]}}