{"id":96,"date":"2016-10-22T15:48:09","date_gmt":"2016-10-22T14:48:09","guid":{"rendered":"http:\/\/noaladroga.org\/?page_id=96"},"modified":"2017-01-08T14:05:27","modified_gmt":"2017-01-08T13:05:27","slug":"aviso-legal","status":"publish","type":"page","link":"https:\/\/www.noaladroga.org\/index.php\/es\/aviso-legal\/","title":{"rendered":"Aviso Legal"},"content":{"rendered":"<h4 style=\"text-align: justify;\">Datos del propietario de la web noaladroga.org<\/h4>\n<div style=\"text-align: justify;\">Titular: Asociaci\u00f3n Espa\u00f1a Libre de Drogas<\/div>\n<div style=\"text-align: justify;\">CIF:<span style=\"font-size: large;\">G85012821<\/span><\/div>\n<div style=\"text-align: justify;\">Direcci\u00f3n: Madrid\u00a0&#8211; Espa\u00f1a<\/div>\n<div style=\"text-align: justify;\">Correo electr\u00f3nico: info@noaladroga.org<\/div>\n<div style=\"text-align: justify;\"><\/div>\n<p style=\"text-align: justify;\">En cumplimiento de lo establecido en la <a href=\"https:\/\/www.agpd.es\/portalwebAGPD\/canaldocumentacion\/legislacion\/estatal\/index-ides-idphp.php\" target=\"_blank\">Ley Org\u00e1nica 15\/1999, el 13 de diciembre, de Protecci\u00f3n de Datos de Car\u00e1cter Personal<\/a>, te informamos que mediante la cumplimentaci\u00f3n de los formularios de la web est\u00e1s dando el <strong>consentimiento expreso a que tus datos personales queden incorporados y sean tratados en un fichero de No a la\u00a0Droga\u00a0<\/strong>con la finalidad de poder gestionar tu solicitud. Este fichero ser\u00e1 gestionado por el responsable de fichero que se indica en nuestra <a href=\"http:\/\/noaladroga.org\/index.php\/politica-de-privacidad-y-de-cookies\/\">pol\u00edtica de privacidad y de cookies.<\/a><\/p>\n<p style=\"text-align: justify;\">As\u00ed mismo, salvo que manifiestes expresamente lo contrario, se podr\u00e1n utilizar tus datos personales para mantenerte informado de noticias y novedades relacionadas con nuestros servicios.<\/p>\n<p style=\"text-align: justify;\">Te garantizamos que bajo ning\u00fan concepto, estos datos ser\u00e1n compartidos o cedidos a terceros y te informamos de la posibilidad de que ejerzas los <strong>derechos de acceso, rectificaci\u00f3n, cancelaci\u00f3n y oposici\u00f3n<\/strong> a la recogida de tus datos de car\u00e1cter personal mediante correo electr\u00f3nico o bien directamente mediante los enlaces de baja autom\u00e1tica contenidos en todas las comunicaciones enviadas por<strong>\u00a0No a la\u00a0Droga<\/strong>, o bien, mediante el <a title=\"Contacto\" href=\"http:\/\/noaladroga.org\/index.php\/contacto\/\">formulario de contacto de nuestra web.<\/a><\/p>\n<p style=\"text-align: justify;\">Esta web ha sido posible gracias al apoyo de la Fundaci\u00f3n para la Mejora de la Vida, la Cultura y la Sociedad, en cumplimiento de sus fines, en espec\u00edfico la consecuci\u00f3n de una vida saludable mediante la aplicaci\u00f3n de parte del <a href=\"http:\/\/www.un.org\/es\/documents\/udhr\/\" target=\"_blank\">Derecho Humano n\u00ba 25<\/a> de la Declaraci\u00f3n Universal de los Derechos Humanos<\/p>\n","protected":false},"excerpt":{"rendered":"<p>Datos del propietario de la web noaladroga.org Titular: Asociaci\u00f3n Espa\u00f1a Libre de Drogas CIF:G85012821 Direcci\u00f3n: Madrid\u00a0&#8211; Espa\u00f1a Correo electr\u00f3nico: info@noaladroga.org En cumplimiento de lo establecido en la Ley Org\u00e1nica 15\/1999, el 13 de diciembre, de Protecci\u00f3n de Datos de Car\u00e1cter Personal, te informamos que mediante la cumplimentaci\u00f3n de los formularios de la web est\u00e1s dando <a href=\"https:\/\/www.noaladroga.org\/index.php\/es\/aviso-legal\/\" rel=\"nofollow\"><span class=\"sr-only\">Leer m\u00e1sAviso Legal<\/span>[&#8230;]<\/a><\/p>\n","protected":false},"author":2,"featured_media":0,"parent":0,"menu_order":0,"comment_status":"closed","ping_status":"closed","template":"","meta":{"footnotes":""},"class_list":["post-96","page","type-page","status-publish","hentry"],"_links":{"self":[{"href":"https:\/\/www.noaladroga.org\/index.php\/wp-json\/wp\/v2\/pages\/96","targetHints":{"allow":["GET"]}}],"collection":[{"href":"https:\/\/www.noaladroga.org\/index.php\/wp-json\/wp\/v2\/pages"}],"about":[{"href":"https:\/\/www.noaladroga.org\/index.php\/wp-json\/wp\/v2\/types\/page"}],"author":[{"embeddable":true,"href":"https:\/\/www.noaladroga.org\/index.php\/wp-json\/wp\/v2\/users\/2"}],"replies":[{"embeddable":true,"href":"https:\/\/www.noaladroga.org\/index.php\/wp-json\/wp\/v2\/comments?post=96"}],"version-history":[{"count":4,"href":"https:\/\/www.noaladroga.org\/index.php\/wp-json\/wp\/v2\/pages\/96\/revisions"}],"predecessor-version":[{"id":162,"href":"https:\/\/www.noaladroga.org\/index.php\/wp-json\/wp\/v2\/pages\/96\/revisions\/162"}],"wp:attachment":[{"href":"https:\/\/www.noaladroga.org\/index.php\/wp-json\/wp\/v2\/media?parent=96"}],"curies":[{"name":"wp","href":"https:\/\/api.w.org\/{rel}","templated":true}]}}