{"id":376,"date":"2017-12-27T14:06:50","date_gmt":"2017-12-27T13:06:50","guid":{"rendered":"http:\/\/www.noaladroga.org\/?page_id=376"},"modified":"2017-12-27T14:25:33","modified_gmt":"2017-12-27T13:25:33","slug":"te-dijeron","status":"publish","type":"page","link":"https:\/\/www.noaladroga.org\/index.php\/es\/te-dijeron\/","title":{"rendered":"TE DIJERON&#8230;"},"content":{"rendered":"<p><img loading=\"lazy\" decoding=\"async\" class=\"size-full wp-image-377 aligncenter\" src=\"http:\/\/www.noaladroga.org\/wp-content\/uploads\/2017\/12\/Screen-Shot-2017-12-27-at-1.39.03-PM.png\" alt=\"Screen Shot 2017-12-27 at 1.39.03 PM\" width=\"2522\" height=\"1884\" srcset=\"https:\/\/www.noaladroga.org\/wp-content\/uploads\/2017\/12\/Screen-Shot-2017-12-27-at-1.39.03-PM.png 2522w, https:\/\/www.noaladroga.org\/wp-content\/uploads\/2017\/12\/Screen-Shot-2017-12-27-at-1.39.03-PM-300x224.png 300w, https:\/\/www.noaladroga.org\/wp-content\/uploads\/2017\/12\/Screen-Shot-2017-12-27-at-1.39.03-PM-768x574.png 768w, https:\/\/www.noaladroga.org\/wp-content\/uploads\/2017\/12\/Screen-Shot-2017-12-27-at-1.39.03-PM-1024x765.png 1024w, https:\/\/www.noaladroga.org\/wp-content\/uploads\/2017\/12\/Screen-Shot-2017-12-27-at-1.39.03-PM-285x214.png 285w\" sizes=\"auto, (max-width: 2522px) 100vw, 2522px\" \/><\/p>\n<blockquote><p><strong>Te dijeron que no pod\u00edas salir de la Droga. ES MENTIRA<\/strong>.<\/p><\/blockquote>\n<p>Este es el slogan utilizado para animar en este nuevo comienzo de a\u00f1o a aquellas personas que por una raz\u00f3n u otra han caido en la garra de las drogas.<\/p>\n<p>La Asociaci\u00f3n Espa\u00f1a Libre de Drogas (AELD) , con el patrocinio de la Fundaci\u00f3n para la Mejora de la Vida la Cultura y la Sociedad y el apoyo de PUBLIALMERIA, ha lanzado una campa\u00f1a en EL EJIDO, Almeria, para animar a las personas con problemas de drogadicci\u00f3n a salir de las drogas.<\/p>\n<p>Espa\u00f1a es uno de los paises con mayor consumo de drogas en el mundo y nuestra costa sur uno de los puntos de entrada de la droga m\u00e1s codiciado por los c\u00e1rteles. Se ha establecido que si se reduce la demanda de droga informando a las personas sobre sus efectos fisicos, mentales y sociales a corto, medio y largo plazo, el consumo se reducir\u00e1 y por tanto la producci\u00f3n. Y de la misma manera, si una persona logra salir de las drogas, podr\u00e1 ayudar a que otros tengan esperanza de dejarla y se dejen ayudar para acabar con esa lacra que tantas familias destruye a diario.<\/p>\n<p>La Asociaci\u00f3n Espa\u00f1a Libre de Drogas, que cuenta con una rama en Andaluc\u00eda, esta dando conferencias en colegios e institutos principalmente de Valencia y Madrid esta prepar\u00e1ndose para impartir dichas conferencias en colegios de toda Andaluc\u00eda y por supuesto Almer\u00eda, en cuanto empiecen de nuevo las clases.<\/p>\n<p>La AELD agradece a la Fundaci\u00f3n para la Mejora y a PubliAlmeria por la oportunidad de dar a cono LA VERDAD SOBRE LAS DROGAS, contribuyendo as\u00ed a crear UN MUNDO LIBRE DE DROGAS.<\/p>\n<p><a href=\"https:\/\/mp.vngoc.org\/ngo\/237\/Asociacion-Espa-a-Libre-de-Droga.htm\" target=\"_blank\">Nuestra asociaci\u00f3n es miembro<\/a> de la <a href=\"http:\/\/www.fdfe.eu\" target=\"_blank\">Foundation for a Drug Free Europe<\/a>, que a su vez forma parte del Comit\u00e9 de Vienna de ONGs sobre Drogas y Narc\u00f3ticos, cuyo prop\u00f3sito es apoyar el trabajo de la Oficina de la ONU para Drogas y Cr\u00edmen (UNODC).<\/p>\n","protected":false},"excerpt":{"rendered":"<p>Te dijeron que no pod\u00edas salir de la Droga. ES MENTIRA. Este es el slogan utilizado para animar en este nuevo comienzo de a\u00f1o a aquellas personas que por una raz\u00f3n u otra han caido en la garra de las drogas. La Asociaci\u00f3n Espa\u00f1a Libre de Drogas (AELD) , con el patrocinio de la Fundaci\u00f3n <a href=\"https:\/\/www.noaladroga.org\/index.php\/es\/te-dijeron\/\" rel=\"nofollow\"><span class=\"sr-only\">Leer m\u00e1sTE DIJERON&#8230;<\/span>[&#8230;]<\/a><\/p>\n","protected":false},"author":2,"featured_media":0,"parent":0,"menu_order":0,"comment_status":"closed","ping_status":"closed","template":"","meta":{"footnotes":""},"class_list":["post-376","page","type-page","status-publish","hentry"],"_links":{"self":[{"href":"https:\/\/www.noaladroga.org\/index.php\/wp-json\/wp\/v2\/pages\/376","targetHints":{"allow":["GET"]}}],"collection":[{"href":"https:\/\/www.noaladroga.org\/index.php\/wp-json\/wp\/v2\/pages"}],"about":[{"href":"https:\/\/www.noaladroga.org\/index.php\/wp-json\/wp\/v2\/types\/page"}],"author":[{"embeddable":true,"href":"https:\/\/www.noaladroga.org\/index.php\/wp-json\/wp\/v2\/users\/2"}],"replies":[{"embeddable":true,"href":"https:\/\/www.noaladroga.org\/index.php\/wp-json\/wp\/v2\/comments?post=376"}],"version-history":[{"count":2,"href":"https:\/\/www.noaladroga.org\/index.php\/wp-json\/wp\/v2\/pages\/376\/revisions"}],"predecessor-version":[{"id":384,"href":"https:\/\/www.noaladroga.org\/index.php\/wp-json\/wp\/v2\/pages\/376\/revisions\/384"}],"wp:attachment":[{"href":"https:\/\/www.noaladroga.org\/index.php\/wp-json\/wp\/v2\/media?parent=376"}],"curies":[{"name":"wp","href":"https:\/\/api.w.org\/{rel}","templated":true}]}}