{"id":259,"date":"2016-11-04T10:25:34","date_gmt":"2016-11-04T10:25:34","guid":{"rendered":"http:\/\/noaladroga.org\/?page_id=259"},"modified":"2016-11-04T10:25:34","modified_gmt":"2016-11-04T10:25:34","slug":"educadores","status":"publish","type":"page","link":"https:\/\/www.noaladroga.org\/index.php\/es\/educadores\/","title":{"rendered":"Educadores"},"content":{"rendered":"<p><img loading=\"lazy\" decoding=\"async\" class=\"size-full wp-image-260 aligncenter\" src=\"http:\/\/noaladroga.org\/wp-content\/uploads\/2016\/11\/drug-free-world-package_es_ES.png\" alt=\"no a la droga\" width=\"999\" height=\"562\" srcset=\"https:\/\/www.noaladroga.org\/wp-content\/uploads\/2016\/11\/drug-free-world-package_es_ES.png 999w, https:\/\/www.noaladroga.org\/wp-content\/uploads\/2016\/11\/drug-free-world-package_es_ES-300x169.png 300w, https:\/\/www.noaladroga.org\/wp-content\/uploads\/2016\/11\/drug-free-world-package_es_ES-768x432.png 768w\" sizes=\"auto, (max-width: 999px) 100vw, 999px\" \/><\/p>\n<p><strong>CONTACTANOS CON TUS DATOS Y TE LO HACEMOS LLEGAR<\/strong><\/p>\n<p>Ni que decir tiene, que la preocupaci\u00f3n de los educadores en Espa\u00f1a e internacionalmente es cada vez mayor, ya que la edad de acceso a esta lacra de las drogas es cada vez m\u00e1s temprana.<\/p>\n<p>Mientras que el padre y la madre juegan un papel primordial en la educaci\u00f3n social de los hijos, no es menos verdad que los educadores tienen, queramos o no, una cierta influencia en el ma\u00f1ana de los j\u00f3venes.<\/p>\n<p>Por ello, la Asociaci\u00f3n Espa\u00f1a Libre de Drogas, se ha asociado con la <a href=\"http:\/\/www.noaladroga.es\" target=\"_blank\">Foundation for a Drug Free World<\/a> y bajo el patrocinio de la <a href=\"http:\/\/www.mejorandolasociedad.org\" target=\"_blank\">Fundaci\u00f3n para la Mejora de la Vida, la Cultura y la Sociedad<\/a>, para poder ofrecer a los educadores una GUIA EDUCATIVA DE LA VERDAD SOBRE LAS DROGAS.<\/p>\n<p><img loading=\"lazy\" decoding=\"async\" class=\"alignright wp-image-262\" src=\"http:\/\/noaladroga.org\/wp-content\/uploads\/2016\/11\/4390958-orig_orig.png\" alt=\"4390958-orig_orig\" width=\"350\" height=\"255\" srcset=\"https:\/\/www.noaladroga.org\/wp-content\/uploads\/2016\/11\/4390958-orig_orig.png 725w, https:\/\/www.noaladroga.org\/wp-content\/uploads\/2016\/11\/4390958-orig_orig-300x218.png 300w\" sizes=\"auto, (max-width: 350px) 100vw, 350px\" \/>Tal y como indica la Foundation for a Drug Free World, e<strong>ste paquete incluye:<\/strong><\/p>\n<p><strong><span class=\"em\">\u00abLa Gu\u00eda del Educador de La\u00a0Verdad sobre las\u00a0Drogas <\/span><\/strong>contiene planes de lecciones completos e instrucciones para ense\u00f1ar La\u00a0Verdad sobre diecisiete drogas individuales. Estos planes de lecciones te alientan a ti y a tus estudiantes a que participen y realmente descubran La\u00a0Verdad sobre las\u00a0Drogas.<\/p>\n<p><strong>El documental de <em>La\u00a0Verdad sobre las\u00a0Drogas<\/em><\/strong> es un film educativo impactante y sin tapujos que abarca cada una de las sustancias m\u00e1s com\u00fanmente consumidas. Hablando con franqueza ese es el distintivo de este programa. Aqu\u00ed est\u00e1n los relatos convincentes y de primera mano de antiguos consumidores que sobrevivieron a la pesadilla de la adicci\u00f3n.<\/p>\n<p>Adem\u00e1s se incluyen en el DVD los anuncios de servicio p\u00fablico: cada uno concentr\u00e1ndose en c\u00f3mo el uso casual de la droga puede llevar a una ruina permanente.<\/p>\n<p class=\"dottedSeparator alignRight\"><strong>Veinticuatro sets de los 13 folletos repletos de hechos de la serie de La\u00a0Verdad sobre las\u00a0Drogas<\/strong>; informaci\u00f3n simple pero poderosa sobre las drogas. El primero de la serie es <span class=\"em\">La\u00a0Verdad sobre las\u00a0Drogas<\/span>, que describe c\u00f3mo funcionan las drogas y sus efectos mentales y f\u00edsicos. Cada uno de los otros doce folletos de la serie se concentra en una de las drogas m\u00e1s com\u00fanmente consumidas, poniendo al descubierto los mitos mediante proporcionar la\u00a0verdad sobre los\u00a0efectos a corto y largo plazo de las drogas.<\/p>\n<p class=\"dottedSeparator alignRight\"><strong>Se proporcionan once p\u00f3steres, uno por cada droga<\/strong>, para usarse en conjunto con las lecciones. Son para que se expongan en la sala de curso o en \u00e1reas p\u00fablicas de la escuela para reforzar los mensajes de las\u00a0lecciones y descubrir La\u00a0Verdad sobre las\u00a0Drogas.<\/p>\n<p>Se dicen muchas cosas acerca de las drogas en las calles, en la escuela, en Internet y en televisi\u00f3n. Algunas son ciertas y otras no lo son. Mucho de lo que tus estudiantes escuchan acerca de las drogas en realidad proviene de aquellos que las venden. Traficantes de drogas reformados han confesado que hubieran dicho cualquier cosa con tal de hacer que otros les compraran. No permitas que tus j\u00f3venes y adultos se dejen enga\u00f1ar, solicita gratis tu <span class=\"em\">Paquete del Educador de La\u00a0Verdad sobre las\u00a0Drogas<\/span> ahora.\u00bb<\/p>\n<p><strong>CONTACTANOS CON TUS DATOS Y TE LO HACEMOS LLEGAR<\/strong><\/p>\n<p>&nbsp;<\/p>\n<p>&nbsp;<\/p>\n","protected":false},"excerpt":{"rendered":"<p>CONTACTANOS CON TUS DATOS Y TE LO HACEMOS LLEGAR Ni que decir tiene, que la preocupaci\u00f3n de los educadores en Espa\u00f1a e internacionalmente es cada vez mayor, ya que la edad de acceso a esta lacra de las drogas es cada vez m\u00e1s temprana. Mientras que el padre y la madre juegan un papel primordial <a href=\"https:\/\/www.noaladroga.org\/index.php\/es\/educadores\/\" rel=\"nofollow\"><span class=\"sr-only\">Leer m\u00e1sEducadores<\/span>[&#8230;]<\/a><\/p>\n","protected":false},"author":2,"featured_media":260,"parent":0,"menu_order":0,"comment_status":"closed","ping_status":"closed","template":"","meta":{"footnotes":""},"class_list":["post-259","page","type-page","status-publish","has-post-thumbnail","hentry"],"_links":{"self":[{"href":"https:\/\/www.noaladroga.org\/index.php\/wp-json\/wp\/v2\/pages\/259","targetHints":{"allow":["GET"]}}],"collection":[{"href":"https:\/\/www.noaladroga.org\/index.php\/wp-json\/wp\/v2\/pages"}],"about":[{"href":"https:\/\/www.noaladroga.org\/index.php\/wp-json\/wp\/v2\/types\/page"}],"author":[{"embeddable":true,"href":"https:\/\/www.noaladroga.org\/index.php\/wp-json\/wp\/v2\/users\/2"}],"replies":[{"embeddable":true,"href":"https:\/\/www.noaladroga.org\/index.php\/wp-json\/wp\/v2\/comments?post=259"}],"version-history":[{"count":4,"href":"https:\/\/www.noaladroga.org\/index.php\/wp-json\/wp\/v2\/pages\/259\/revisions"}],"predecessor-version":[{"id":268,"href":"https:\/\/www.noaladroga.org\/index.php\/wp-json\/wp\/v2\/pages\/259\/revisions\/268"}],"wp:featuredmedia":[{"embeddable":true,"href":"https:\/\/www.noaladroga.org\/index.php\/wp-json\/wp\/v2\/media\/260"}],"wp:attachment":[{"href":"https:\/\/www.noaladroga.org\/index.php\/wp-json\/wp\/v2\/media?parent=259"}],"curies":[{"name":"wp","href":"https:\/\/api.w.org\/{rel}","templated":true}]}}