{"id":109,"date":"2016-10-23T10:50:15","date_gmt":"2016-10-23T09:50:15","guid":{"rendered":"http:\/\/noaladroga.org\/?page_id=109"},"modified":"2017-01-08T14:05:47","modified_gmt":"2017-01-08T13:05:47","slug":"desintoxicacion","status":"publish","type":"page","link":"https:\/\/www.noaladroga.org\/index.php\/es\/desintoxicacion\/","title":{"rendered":"Desintoxicaci\u00f3n"},"content":{"rendered":"<h4 class=\"blues michroma text-center\">Nuestra asociaci\u00f3n no se dedica a la rehabilitaci\u00f3n, pero tras 30 a\u00f1os de experiencia en Espa\u00f1a, nos hemos encontrado a much\u00edsimas personas que tras haber probado en infinidad de centros, lograron salir de la lacra de las drogas mediante el programa socio-educativo de rehabilitaci\u00f3n de drogas NARCONON. Es por ello que si nos preguntas, este es el programa que te vamos a recomendar.<\/h4>\n<p><strong>No hay duda de que el abuso de las drogas es una epidemia planetaria.<\/strong> Si t\u00fa o alguien que conoces est\u00e1n atrapados en las garras de la adicci\u00f3n, no hay duda de que est\u00e1n viviendo su propia pesadilla personal.<\/p>\n<p>En Narconon, no creen que un adicto es un adicto de por vida. No creen que la adicci\u00f3n sea una enfermedad incurable. Creen que se puede mejorar.<\/p>\n<p>Creen que la persona que est\u00e1 atrapada en una espiral descendente de abuso de drogas, puede recuperar su vida y vivir libre de drogas. \u00bfC\u00f3mo lo hacen? Esta es la diferencia de Narconon.<\/p>\n<h2 class=\"blues michroma text-center\">Narconon<\/h2>\n<p><center><iframe loading=\"lazy\" src=\"http:\/\/progmedia.edgesuite.net\/videos\/narconon\/es_es\/narconon-drug-rehabilitation-education_640_es_es.mp4?v=nn-drug-rehab-edu\" width=\"853\" height=\"480\" frameborder=\"0\" allowfullscreen=\"allowfullscreen\"><\/iframe><\/center><\/p>\n<div style=\"text-align: center;\"><\/div>\n<div style=\"text-align: center;\">ENCUENTRA AYUDA AHORA<\/div>\n<div class=\"clearfix\" style=\"text-align: center;\">LLAMA:<\/div>\n<div class=\"clearfix\" style=\"text-align: center;\">918 55 3515 &#8211;\u00a0<a href=\"http:\/\/www.narconon-losmolinos.org\/\" target=\"_blank\"> Visitar la p\u00e1gina de Narconon Los Molinos (Madrid) <\/a><\/div>\n<div class=\"clearfix\" style=\"text-align: center;\">955 28 60 26 &#8211; <a href=\"http:\/\/www.narconon-mediterraneo.es\/\" target=\"_blank\">Visitar la p\u00e1gina de Narconon Mediterr\u00e1neo (Sevilla)<\/a><\/div>\n","protected":false},"excerpt":{"rendered":"<p>Nuestra asociaci\u00f3n no se dedica a la rehabilitaci\u00f3n, pero tras 30 a\u00f1os de experiencia en Espa\u00f1a, nos hemos encontrado a much\u00edsimas personas que tras haber probado en infinidad de centros, lograron salir de la lacra de las drogas mediante el programa socio-educativo de rehabilitaci\u00f3n de drogas NARCONON. Es por ello que si nos preguntas, este <a href=\"https:\/\/www.noaladroga.org\/index.php\/es\/desintoxicacion\/\" rel=\"nofollow\"><span class=\"sr-only\">Leer m\u00e1sDesintoxicaci\u00f3n<\/span>[&#8230;]<\/a><\/p>\n","protected":false},"author":2,"featured_media":0,"parent":0,"menu_order":0,"comment_status":"closed","ping_status":"closed","template":"","meta":{"footnotes":""},"class_list":["post-109","page","type-page","status-publish","hentry"],"_links":{"self":[{"href":"https:\/\/www.noaladroga.org\/index.php\/wp-json\/wp\/v2\/pages\/109","targetHints":{"allow":["GET"]}}],"collection":[{"href":"https:\/\/www.noaladroga.org\/index.php\/wp-json\/wp\/v2\/pages"}],"about":[{"href":"https:\/\/www.noaladroga.org\/index.php\/wp-json\/wp\/v2\/types\/page"}],"author":[{"embeddable":true,"href":"https:\/\/www.noaladroga.org\/index.php\/wp-json\/wp\/v2\/users\/2"}],"replies":[{"embeddable":true,"href":"https:\/\/www.noaladroga.org\/index.php\/wp-json\/wp\/v2\/comments?post=109"}],"version-history":[{"count":10,"href":"https:\/\/www.noaladroga.org\/index.php\/wp-json\/wp\/v2\/pages\/109\/revisions"}],"predecessor-version":[{"id":191,"href":"https:\/\/www.noaladroga.org\/index.php\/wp-json\/wp\/v2\/pages\/109\/revisions\/191"}],"wp:attachment":[{"href":"https:\/\/www.noaladroga.org\/index.php\/wp-json\/wp\/v2\/media?parent=109"}],"curies":[{"name":"wp","href":"https:\/\/api.w.org\/{rel}","templated":true}]}}